{"id":1711,"date":"2025-05-12T13:30:10","date_gmt":"2025-05-12T11:30:10","guid":{"rendered":"https:\/\/masina.webtiger-pro.eu\/legal-notice\/"},"modified":"2025-10-17T15:55:27","modified_gmt":"2025-10-17T13:55:27","slug":"legal-notice","status":"publish","type":"page","link":"https:\/\/tuscanlawfirm.com\/en\/legal-notice\/","title":{"rendered":"Legal notice"},"content":{"rendered":"<h1>Imprint &#8211; Information according to \u00a7 5 DDG<\/h1>\n<p><strong>Avvocato Giorgio Masina &#8211; Italian lawyer in Berlin<\/strong><\/p>\n<p>c\/o Liebert &amp; R\u00f6th Rechtsanw\u00e4lte PartmbB | Eisenacher Stra\u00dfe 2 | 10777 Berlin | Germany<\/p>\n<p><strong>Contact Giorgio Masina<\/strong><\/p>\n<p>Phone (030) 20615760<\/p>\n<p>E-mail: info@italienischer-anwalt.de<\/p>\n<h3>License, competent authorities, liability insurance<\/h3>\n<p>Competent supervisory authority\/bar association:<br \/>\nBerlin Bar Association, Littenstra\u00dfe 9, 10179 Berlin<\/p>\n<p><strong>Professional liability insurance:<\/strong><\/p>\n<p>R+V Allgemeine Versicherung AG<\/p>\n<p>Voltastrasse 84<\/p>\n<p>60486 Frankfurt<\/p>\n<p><strong>Area of validity of the insurance:<\/strong> Federal Republic of Germany and all member states of the European Union.<\/p>\n<h3>Professional regulations<\/h3>\n<p>The following professional and fee regulations apply to all lawyers:<\/p>\n<p>Federal Lawyers&#8217; Act (BRAO)<\/p>\n<p>Professional Code of Conduct (BORA)<\/p>\n<p>Specialist lawyer regulations (FAO)<\/p>\n<p>Lawyers&#8217; Fees Act (RVG)<\/p>\n<p>Code of Conduct for Lawyers in the European Union (CCBE)<\/p>\n<p>The professional regulations can be viewed and accessed in German and English on the homepage of the German Federal Bar Association under the heading \u201cBerufsrecht\u201d (www.brak.de).<\/p>\n<h3>Sales tax identification number (\u00a7 27a UStG)<\/h3>\n<p>DE316150128<\/p>\n<h3>Non-binding nature of information<\/h3>\n<p>The provider assumes no liability for the accuracy, completeness and timeliness of the information provided on the website. Verbal or written information outside of client relationships is not binding.<\/p>\n<h3>Communication via e-mail<\/h3>\n<p>Communication via e-mail may be subject to security vulnerabilities. If you send an e-mail to one of the lawyers or the law firm, the respective lawyer or the law firm may assume that you agree to a reply by e-mail and that you are authorized to do so. Otherwise, the client or principal must expressly refer to another form of communication.<\/p>\n<h3>Disclaimer<\/h3>\n<p>We are responsible for the content of our website in accordance with the general laws, in particular \u00a7 7 para. 1 DDG. All content is created with due care and to the best of our knowledge. Insofar as we refer to third-party websites on our Internet pages by means of hyperlinks, we cannot assume any liability for the continued topicality, correctness and completeness of the linked content, as this content is outside our area of responsibility and we have no influence on its future design. If you consider any content to be in breach of applicable law or inappropriate, please let us know.<\/p>\n<p>The legal information on this page as well as all questions and disputes in connection with the design of this website are subject to the law of the Federal Republic of Germany.<\/p>\n<h3>Dispute resolution platform<\/h3>\n<p>Avvocato Masina is neither obliged nor willing to participate in a dispute resolution procedure before a consumer arbitration board.<\/p>\n<h3>Responsibility for content<\/h3>\n<p>Responsible for the editorial content in accordance with Section 18 (2) MStV:<\/p>\n<p>Avvocato Giorgio Masina<\/p>\n<h2>Design and technical implementation<\/h2>\n<p><a href=\"https:\/\/www.webtiger-pro.de\/\" rel=\"noopener\">WebTiger Pro GmbH<\/a><br \/>\nPrenzlauer Allee 234<br \/>\n10405 Berlin<br \/>\nPhone: 030 814581620<br \/>\nEmail: <a href=\"mailto:hallo@webtiger-pro.de\">hallo@webtiger-pro.de<\/a><\/p>\n<p>&nbsp;<\/p>\n<div id=\"gtx-trans\" style=\"position: absolute; left: -3px; top: 1860.48px;\">\n<div class=\"gtx-trans-icon\"><\/div>\n<\/div>\n","protected":false},"excerpt":{"rendered":"<p>Imprint &#8211; Information according to \u00a7 5 DDG Avvocato Giorgio Masina &#8211; Italian lawyer in Berlin c\/o Liebert &amp; R\u00f6th Rechtsanw\u00e4lte PartmbB | Eisenacher Stra\u00dfe 2 | 10777 Berlin | Germany Contact Giorgio Masina Phone (030) 20615760 E-mail: info@italienischer-anwalt.de License, competent authorities, liability insurance Competent supervisory authority\/bar association: Berlin Bar Association, Littenstra\u00dfe 9, 10179 Berlin [&hellip;]<\/p>\n","protected":false},"author":1,"featured_media":0,"parent":0,"menu_order":0,"comment_status":"closed","ping_status":"closed","template":"","meta":{"footnotes":""},"class_list":["post-1711","page","type-page","status-publish","hentry"],"_links":{"self":[{"href":"https:\/\/tuscanlawfirm.com\/en\/wp-json\/wp\/v2\/pages\/1711","targetHints":{"allow":["GET"]}}],"collection":[{"href":"https:\/\/tuscanlawfirm.com\/en\/wp-json\/wp\/v2\/pages"}],"about":[{"href":"https:\/\/tuscanlawfirm.com\/en\/wp-json\/wp\/v2\/types\/page"}],"author":[{"embeddable":true,"href":"https:\/\/tuscanlawfirm.com\/en\/wp-json\/wp\/v2\/users\/1"}],"replies":[{"embeddable":true,"href":"https:\/\/tuscanlawfirm.com\/en\/wp-json\/wp\/v2\/comments?post=1711"}],"version-history":[{"count":0,"href":"https:\/\/tuscanlawfirm.com\/en\/wp-json\/wp\/v2\/pages\/1711\/revisions"}],"wp:attachment":[{"href":"https:\/\/tuscanlawfirm.com\/en\/wp-json\/wp\/v2\/media?parent=1711"}],"curies":[{"name":"wp","href":"https:\/\/api.w.org\/{rel}","templated":true}]}}