{"id":1564,"date":"2025-04-09T21:52:11","date_gmt":"2025-04-09T19:52:11","guid":{"rendered":"https:\/\/masina.webtiger-pro.eu\/informativa-sulla-privacy\/"},"modified":"2025-06-24T11:57:53","modified_gmt":"2025-06-24T09:57:53","slug":"informativa-sulla-privacy","status":"publish","type":"page","link":"https:\/\/tuscanlawfirm.com\/it\/informativa-sulla-privacy\/","title":{"rendered":"Informativa sulla privacy"},"content":{"rendered":"\t\t<div data-elementor-type=\"wp-page\" data-elementor-id=\"1564\" class=\"elementor elementor-1564 elementor-3\" data-elementor-post-type=\"page\">\n\t\t\t\t<div class=\"elementor-element elementor-element-5440d047 e-con-full e-flex e-con e-parent\" data-id=\"5440d047\" data-element_type=\"container\">\n\t\t\t\t<div class=\"elementor-element elementor-element-5a835cdc elementor-widget__width-inherit elementor-widget elementor-widget-text-editor\" data-id=\"5a835cdc\" data-element_type=\"widget\" data-widget_type=\"text-editor.default\">\n\t\t\t\t\t\t\t\t\t<h1 id=\"headline-5-44\" class=\"ct-headline\">Politica sulla privacy<\/h1>\n<p><\/p>\n<h2 data-start=\"153\" data-end=\"423\"><strong data-start=\"153\" data-end=\"184\">I. Titolare del trattamento<\/strong><\/h2>\n<p><\/p>\n<p class=\"\" data-start=\"153\" data-end=\"423\">Il titolare del trattamento ai sensi del Regolamento Generale sulla Protezione dei Dati (GDPR) e di altre normative nazionali sulla protezione dei dati degli Stati membri nonch\u00e9 di altre disposizioni in materia di protezione dei dati \u00e8:<\/p>\n<p><\/p>\n<p class=\"\" data-start=\"425\" data-end=\"629\"><strong data-start=\"425\" data-end=\"472\">Avvocato italiano \u2013 Avvocato Giorgio Masina<\/strong><br data-start=\"472\" data-end=\"475\" \/>c\/o Liebert &amp; R\u00f6th Rechtsanw\u00e4lte PartmbB | Eisenacher Stra\u00dfe 2 | 10777 Berlino | Germania<br data-start=\"564\" data-end=\"567\" \/>Email: <a class=\"cursor-pointer\" rel=\"noopener\" data-start=\"574\" data-end=\"602\">info@italienischer-anwalt.de<\/a><br data-start=\"602\" data-end=\"605\" \/>Telefono: (030) 20615760<\/p>\n<p><\/p>\n<hr class=\"\" data-start=\"631\" data-end=\"634\" \/>\n<h2 data-start=\"636\" data-end=\"1741\"><strong data-start=\"636\" data-end=\"708\">II. Informazioni generali sul trattamento dei dati \/ Basi giuridiche<\/strong><\/h2>\n<p><\/p>\n<p class=\"\" data-start=\"636\" data-end=\"1741\">Raccogliamo e utilizziamo i Suoi dati personali solo nella misura in cui ci\u00f2 sia necessario per fornire un sito web funzionale nonch\u00e9 i nostri contenuti e servizi.<br data-start=\"874\" data-end=\"877\" \/>Pu\u00f2 utilizzare il nostro sito web senza fornire dati personali. Tuttavia, se desidera utilizzare funzioni particolari del sito (ad esempio il modulo di contatto), il trattamento dei dati personali pu\u00f2 essere necessario.<br data-start=\"1096\" data-end=\"1099\" \/>Ove la raccolta e l&#8217;utilizzo dei Suoi dati personali siano necessari, il trattamento avverr\u00e0 sulla base di una normativa giuridica oppure verr\u00e0 richiesto il Suo consenso.<br data-start=\"1269\" data-end=\"1272\" \/>I dati personali verranno cancellati o bloccati non appena lo scopo della conservazione verr\u00e0 meno.<br data-start=\"1371\" data-end=\"1374\" \/>La conservazione pu\u00f2 inoltre essere effettuata se prevista dal legislatore europeo o nazionale nell&#8217;ambito di regolamenti, leggi o altre disposizioni a cui \u00e8 soggetto il titolare.<br data-start=\"1553\" data-end=\"1556\" \/>Anche in caso di scadenza di un periodo di conservazione prescritto, i dati verranno cancellati o bloccati, salvo che non siano necessari per l\u2019adempimento o la stipula di un contratto.<\/p>\n<p><\/p>\n<p class=\"\" data-start=\"1743\" data-end=\"2463\">Se il trattamento si basa sul Suo consenso, la base giuridica \u00e8 l\u2019Art. 6 par. 1 lett. a GDPR.<br data-start=\"1836\" data-end=\"1839\" \/>Se il trattamento \u00e8 necessario all&#8217;esecuzione di un contratto di cui Lei \u00e8 parte, si applica l\u2019Art. 6 par. 1 lett. b GDPR. Ci\u00f2 vale anche per le misure precontrattuali.<br data-start=\"2007\" data-end=\"2010\" \/>Se il trattamento \u00e8 necessario per adempiere un obbligo legale, la base giuridica \u00e8 l\u2019Art. 6 par. 1 lett. c GDPR.<br data-start=\"2123\" data-end=\"2126\" \/>Se il trattamento \u00e8 necessario per tutelare interessi vitali Suoi o di un\u2019altra persona fisica, si applica l\u2019Art. 6 par. 1 lett. d GDPR.<br data-start=\"2262\" data-end=\"2265\" \/>Se il trattamento \u00e8 necessario per un legittimo interesse nostro o di terzi e tali interessi non prevalgono sui Suoi diritti e libert\u00e0 fondamentali, la base giuridica \u00e8 l\u2019Art. 6 par. 1 lett. f GDPR.<\/p>\n<p><\/p>\n<hr class=\"\" data-start=\"2465\" data-end=\"2468\" \/>\n<h2 data-start=\"2470\" data-end=\"2694\"><strong data-start=\"2470\" data-end=\"2529\">III. Fornitura del sito web e creazione dei file di log<\/strong><\/h2>\n<p><\/p>\n<p class=\"\" data-start=\"2470\" data-end=\"2694\">Ogni volta che il nostro sito web viene visitato, il nostro sistema raccoglie automaticamente dati e informazioni dal sistema del computer che effettua l\u2019accesso.<\/p>\n<p><\/p>\n<p class=\"\" data-start=\"2696\" data-end=\"2986\">I dati possono comprendere:<br data-start=\"2723\" data-end=\"2726\" \/>(1) Tipo e versione del browser,<br data-start=\"2758\" data-end=\"2761\" \/>(2) Sistema operativo dell\u2019utente,<br data-start=\"2795\" data-end=\"2798\" \/>(3) Provider Internet dell\u2019utente,<br data-start=\"2832\" data-end=\"2835\" \/>(4) Indirizzo IP,<br data-start=\"2852\" data-end=\"2855\" \/>(5) Data e ora dell\u2019accesso,<br data-start=\"2883\" data-end=\"2886\" \/>(6) Pagine web di provenienza dell\u2019utente,<br data-start=\"2928\" data-end=\"2931\" \/>(7) Pagine visitate dall\u2019utente tramite il nostro sito.<\/p>\n<p><\/p>\n<p class=\"\" data-start=\"2988\" data-end=\"3445\">Questi dati vengono salvati nei file di log del sistema. Non sono memorizzati insieme ad altri dati personali, quindi non \u00e8 possibile risalire all&#8217;identit\u00e0 dell\u2019utente.<br data-start=\"3156\" data-end=\"3159\" \/>La memorizzazione temporanea dell\u2019indirizzo IP \u00e8 necessaria per la visualizzazione del sito sul dispositivo dell\u2019utente.<br data-start=\"3279\" data-end=\"3282\" \/>La memorizzazione nei file di log serve a garantire il funzionamento del sito e la sicurezza dei nostri sistemi IT. I dati non sono utilizzati a fini di marketing.<\/p>\n<p><\/p>\n<p class=\"\" data-start=\"3447\" data-end=\"3814\">Il trattamento avviene sulla base del nostro legittimo interesse ai sensi dell\u2019Art. 6 par. 1 lett. f GDPR.<br data-start=\"3553\" data-end=\"3556\" \/>I dati vengono cancellati non appena non sono pi\u00f9 necessari per lo scopo per cui sono stati raccolti. Per i file di log, ci\u00f2 avviene al termine della sessione.<br data-start=\"3715\" data-end=\"3718\" \/>Poich\u00e9 la raccolta dei dati \u00e8 essenziale per il funzionamento del sito, non \u00e8 possibile opporsi.<\/p>\n<p><\/p>\n<hr class=\"\" data-start=\"3816\" data-end=\"3819\" \/>\n<h2 data-start=\"3821\" data-end=\"4696\"><strong data-start=\"3821\" data-end=\"3868\">IV. Strumento di analisi \u2013 Google Analytics<\/strong><\/h2>\n<p><\/p>\n<p class=\"\" data-start=\"3821\" data-end=\"4696\">Utilizziamo Google Analytics, un servizio di analisi web fornito da Google LLC, 1600 Amphitheatre Parkway, Mountain View, CA 94043, USA (&#8220;Google&#8221;). Google utilizza dei cookie. Le informazioni generate dai cookie vengono normalmente trasmesse a un server di Google negli Stati Uniti e l\u00ec memorizzate.<br data-start=\"4170\" data-end=\"4173\" \/>Google utilizza queste informazioni per nostro conto per analizzare l\u2019uso del sito, redigere report sull\u2019attivit\u00e0 del sito e fornire altri servizi correlati. Possono essere creati profili utente pseudonimizzati.<br data-start=\"4384\" data-end=\"4387\" \/>Utilizziamo Google Analytics solo con l\u2019anonimizzazione dell\u2019IP attivata: l\u2019indirizzo IP viene abbreviato nell\u2019UE o nello Spazio Economico Europeo. Solo in casi eccezionali l\u2019indirizzo IP completo viene trasmesso e abbreviato negli USA.<br data-start=\"4623\" data-end=\"4626\" \/>L\u2019indirizzo IP trasmesso non verr\u00e0 combinato con altri dati di Google.<\/p>\n<p><\/p>\n<p class=\"\" data-start=\"4698\" data-end=\"4841\">Scopo: comprendere meglio il comportamento dei visitatori del sito e migliorare i nostri servizi.<br data-start=\"4795\" data-end=\"4798\" \/>Base giuridica: Art. 6 par. 1 lett. f GDPR.<\/p>\n<p><\/p>\n<p class=\"\" data-start=\"4843\" data-end=\"5084\">\u00c8 possibile impedire la memorizzazione dei cookie tramite le impostazioni del browser e impedire la raccolta e l\u2019elaborazione dei dati tramite appositi plugin del browser.<br data-start=\"5014\" data-end=\"5017\" \/>Abbiamo stipulato un contratto di elaborazione dei dati con Google.<\/p>\n<p><\/p>\n<hr class=\"\" data-start=\"5086\" data-end=\"5089\" \/>\n<h2 data-start=\"5091\" data-end=\"5402\"><strong data-start=\"5091\" data-end=\"5120\">V. Plugin di social media<\/strong><\/h2>\n<p><\/p>\n<p class=\"\" data-start=\"5091\" data-end=\"5402\">Utilizziamo plugin dei social media per aumentare la nostra visibilit\u00e0. Questo scopo pubblicitario costituisce un interesse legittimo ai sensi dell\u2019Art. 6 par. 1 lett. f GDPR. La responsabilit\u00e0 per il trattamento conforme alla protezione dei dati ricade sul rispettivo fornitore.<\/p>\n<p><\/p>\n<p class=\"\" data-start=\"5404\" data-end=\"5605\">Utilizziamo il metodo Shariff, che stabilisce il contatto con la rete sociale solo quando l\u2019utente clicca attivamente sul pulsante.<br data-start=\"5535\" data-end=\"5538\" \/>Questo impedisce la creazione automatica di profili di navigazione.<\/p>\n<p><\/p>\n<hr class=\"\" data-start=\"5607\" data-end=\"5610\" \/>\n<h2 data-start=\"5612\" data-end=\"6012\"><strong data-start=\"5612\" data-end=\"5636\">VI. Google Web Fonts<\/strong><\/h2>\n<p><\/p>\n<p class=\"\" data-start=\"5612\" data-end=\"6012\">Utilizziamo i Google Web Fonts forniti da Google LLC per la rappresentazione uniforme dei caratteri.<br data-start=\"5739\" data-end=\"5742\" \/>Il Suo browser si collega ai server di Google, comunicando l\u2019indirizzo IP.<br data-start=\"5816\" data-end=\"5819\" \/>L\u2019uso avviene nell\u2019interesse di una presentazione coerente del sito. Base giuridica: Art. 6 par. 1 lett. f GDPR.<br data-start=\"5931\" data-end=\"5934\" \/>Se il browser non supporta i web font, verr\u00e0 utilizzato un carattere standard.<\/p>\n<p><\/p>\n<hr class=\"\" data-start=\"6014\" data-end=\"6017\" \/>\n<h2 data-start=\"6019\" data-end=\"6476\"><strong data-start=\"6019\" data-end=\"6046\">VII. Google Tag Manager<\/strong><\/h2>\n<p><\/p>\n<p class=\"\" data-start=\"6019\" data-end=\"6476\">Google Tag Manager gestisce i tag del sito tramite un\u2019interfaccia. Il tool stesso non usa cookie n\u00e9 raccoglie dati personali. Attiva altri tag che potrebbero raccogliere dati.<br data-start=\"6224\" data-end=\"6227\" \/>Google Tag Manager rispetta le impostazioni sui cookie.<br data-start=\"6282\" data-end=\"6285\" \/>Google pu\u00f2 chiedere il consenso per condividere informazioni del prodotto con altri servizi Google. Questo \u00e8 facoltativo.<br data-start=\"6406\" data-end=\"6409\" \/>Ulteriori informazioni si trovano nelle condizioni d\u2019uso di Google.<\/p>\n<p><\/p>\n<hr class=\"\" data-start=\"6478\" data-end=\"6481\" \/>\n<h2 data-start=\"6483\" data-end=\"6762\"><strong data-start=\"6483\" data-end=\"6504\">VIII. Google Maps<\/strong><\/h2>\n<p><\/p>\n<p class=\"\" data-start=\"6483\" data-end=\"6762\">Utilizziamo le API di Google Maps per rappresentare visivamente le informazioni geografiche.<br data-start=\"6599\" data-end=\"6602\" \/>Con l\u2019uso, Google raccoglie dati come l\u2019indirizzo IP e i dati di localizzazione. Ulteriori dettagli sono disponibili nelle informazioni sulla privacy di Google.<\/p>\n<p><\/p>\n<hr class=\"\" data-start=\"6764\" data-end=\"6767\" \/>\n<h2 data-start=\"6769\" data-end=\"6793\"><strong data-start=\"6769\" data-end=\"6791\">IX. Uso dei cookie<\/strong><\/h2>\n<p><\/p>\n<ol data-start=\"6794\" data-end=\"7406\">\n<li class=\"\" data-start=\"6794\" data-end=\"6976\">\n<p class=\"\" data-start=\"6797\" data-end=\"6976\"><strong data-start=\"6797\" data-end=\"6821\">Descrizione e ambito<\/strong><br data-start=\"6821\" data-end=\"6824\" \/>Utilizziamo cookie, che sono file di testo memorizzati nel browser dell\u2019utente.<br data-start=\"6903\" data-end=\"6906\" \/>Servono per identificare il browser e migliorare l\u2019usabilit\u00e0 del sito.<\/p>\n<\/li>\n<li class=\"\" data-start=\"6978\" data-end=\"7127\">\n<p class=\"\" data-start=\"6981\" data-end=\"7127\"><strong data-start=\"6981\" data-end=\"7006\">Scopo del trattamento<\/strong><br data-start=\"7006\" data-end=\"7009\" \/>Riconoscere gli utenti dopo un cambio di pagina, salvare informazioni di accesso, e garantire funzionalit\u00e0 essenziali.<\/p>\n<\/li>\n<li class=\"\" data-start=\"7129\" data-end=\"7180\">\n<p class=\"\" data-start=\"7132\" data-end=\"7180\"><strong data-start=\"7132\" data-end=\"7150\">Base giuridica<\/strong><br data-start=\"7150\" data-end=\"7153\" \/>Art. 6 par. 1 lett. f GDPR.<\/p>\n<\/li>\n<li class=\"\" data-start=\"7182\" data-end=\"7406\">\n<p class=\"\" data-start=\"7185\" data-end=\"7406\"><strong data-start=\"7185\" data-end=\"7220\">Durata, opposizione e rimozione<\/strong><br data-start=\"7220\" data-end=\"7223\" \/>I cookie vengono memorizzati sul Suo computer. Pu\u00f2 disattivarli o eliminarli tramite il browser. Disattivando i cookie, alcune funzioni del sito potrebbero non essere pi\u00f9 disponibili.<\/p>\n<\/li>\n<\/ol>\n<hr class=\"\" data-start=\"7408\" data-end=\"7411\" \/>\n<h2 data-start=\"7413\" data-end=\"7461\"><strong data-start=\"7413\" data-end=\"7459\">X. Modulo di contatto e contatto via email<\/strong><\/h2>\n<p><\/p>\n<ol data-start=\"7462\" data-end=\"8574\">\n<li class=\"\" data-start=\"7462\" data-end=\"7732\">\n<p class=\"\" data-start=\"7465\" data-end=\"7732\"><strong data-start=\"7465\" data-end=\"7491\">Ambito del trattamento<\/strong><br data-start=\"7491\" data-end=\"7494\" \/>Il modulo di contatto consente la comunicazione elettronica.<br data-start=\"7554\" data-end=\"7557\" \/>Richiediamo solo i dati strettamente necessari: nome, indirizzo email, e messaggio.<br data-start=\"7640\" data-end=\"7643\" \/>In alternativa, \u00e8 possibile contattarci via email. I dati non verranno trasmessi a terzi.<\/p>\n<\/li>\n<li class=\"\" data-start=\"7734\" data-end=\"7953\">\n<p class=\"\" data-start=\"7737\" data-end=\"7953\"><strong data-start=\"7737\" data-end=\"7766\">Base giuridica e finalit\u00e0<\/strong><br data-start=\"7766\" data-end=\"7769\" \/>Art. 6 par. 1 lett. f GDPR. Se il contatto riguarda un contratto, si applica anche l\u2019Art. 6 par. 1 lett. b GDPR.<br data-start=\"7881\" data-end=\"7884\" \/>Altri dati raccolti servono a evitare abusi e garantire la sicurezza.<\/p>\n<\/li>\n<li class=\"\" data-start=\"7955\" data-end=\"8166\">\n<p class=\"\" data-start=\"7958\" data-end=\"8166\"><strong data-start=\"7958\" data-end=\"7988\">Durata della conservazione<\/strong><br data-start=\"7988\" data-end=\"7991\" \/>I dati verranno cancellati non appena lo scopo del trattamento sar\u00e0 raggiunto, ovvero alla conclusione della conversazione.<br data-start=\"8114\" data-end=\"8117\" \/>I dati tecnici verranno cancellati dopo 7 giorni.<\/p>\n<\/li>\n<li class=\"\" data-start=\"8168\" data-end=\"8338\">\n<p class=\"\" data-start=\"8171\" data-end=\"8338\"><strong data-start=\"8171\" data-end=\"8186\">Opposizione<\/strong><br data-start=\"8186\" data-end=\"8189\" \/>\u00c8 possibile opporsi alla conservazione dei dati in qualsiasi momento. In tal caso, la comunicazione non potr\u00e0 proseguire e i dati saranno cancellati.<\/p>\n<\/li>\n<li class=\"\" data-start=\"8340\" data-end=\"8574\">\n<p class=\"\" data-start=\"8343\" data-end=\"8574\"><strong data-start=\"8343\" data-end=\"8388\">Sicurezza della comunicazione elettronica<\/strong><br data-start=\"8388\" data-end=\"8391\" \/>La comunicazione via email avviene normalmente senza crittografia. Per informazioni sensibili, si raccomanda di non utilizzare l\u2019email.<br data-start=\"8526\" data-end=\"8529\" \/>Il modulo di contatto \u00e8 invece crittografato.<\/p>\n<\/li>\n<\/ol>\n<hr class=\"\" data-start=\"8576\" data-end=\"8579\" \/>\n<h2 data-start=\"8581\" data-end=\"8676\"><strong data-start=\"8581\" data-end=\"8613\">XI. Diritti dell\u2019interessato<\/strong><\/h2>\n<p><\/p>\n<p class=\"\" data-start=\"8581\" data-end=\"8676\">Se trattiamo Suoi dati personali, Lei ha i seguenti diritti:<\/p>\n<ol data-start=\"8678\" data-end=\"9265\">\n<li class=\"\" data-start=\"8678\" data-end=\"8720\">\n<p class=\"\" data-start=\"8681\" data-end=\"8720\"><strong data-start=\"8681\" data-end=\"8703\">Diritto di accesso<\/strong> (Art. 15 GDPR)<\/p>\n<\/li>\n<li class=\"\" data-start=\"8721\" data-end=\"8765\">\n<p class=\"\" data-start=\"8724\" data-end=\"8765\"><strong data-start=\"8724\" data-end=\"8748\">Diritto di rettifica<\/strong> (Art. 16 GDPR)<\/p>\n<\/li>\n<li class=\"\" data-start=\"8766\" data-end=\"8816\">\n<p class=\"\" data-start=\"8769\" data-end=\"8816\"><strong data-start=\"8769\" data-end=\"8799\">Diritto alla cancellazione<\/strong> (Art. 17 GDPR)<\/p>\n<\/li>\n<li class=\"\" data-start=\"8817\" data-end=\"8881\">\n<p class=\"\" data-start=\"8820\" data-end=\"8881\"><strong data-start=\"8820\" data-end=\"8864\">Diritto alla limitazione del trattamento<\/strong> (Art. 18 GDPR)<\/p>\n<\/li>\n<li class=\"\" data-start=\"8882\" data-end=\"8940\">\n<p class=\"\" data-start=\"8885\" data-end=\"8940\"><strong data-start=\"8885\" data-end=\"8923\">Diritto di notifica ai destinatari<\/strong> (Art. 19 GDPR)<\/p>\n<\/li>\n<li class=\"\" data-start=\"8941\" data-end=\"8998\">\n<p class=\"\" data-start=\"8944\" data-end=\"8998\"><strong data-start=\"8944\" data-end=\"8981\">Diritto alla portabilit\u00e0 dei dati<\/strong> (Art. 20 GDPR)<\/p>\n<\/li>\n<li class=\"\" data-start=\"8999\" data-end=\"9045\">\n<p class=\"\" data-start=\"9002\" data-end=\"9045\"><strong data-start=\"9002\" data-end=\"9028\">Diritto di opposizione<\/strong> (Art. 21 GDPR)<\/p>\n<\/li>\n<li class=\"\" data-start=\"9046\" data-end=\"9106\">\n<p class=\"\" data-start=\"9049\" data-end=\"9106\"><strong data-start=\"9049\" data-end=\"9083\">Diritto di revoca del consenso<\/strong> (Art. 7 par. 3 GDPR)<\/p>\n<\/li>\n<li class=\"\" data-start=\"9107\" data-end=\"9187\">\n<p class=\"\" data-start=\"9110\" data-end=\"9187\"><strong data-start=\"9110\" data-end=\"9170\">Diritto di non essere soggetto a decisioni automatizzate<\/strong> (Art. 22 GDPR)<\/p>\n<\/li>\n<li class=\"\" data-start=\"9188\" data-end=\"9265\">\n<p class=\"\" data-start=\"9192\" data-end=\"9265\"><strong data-start=\"9192\" data-end=\"9250\">Diritto di proporre reclamo a un&#8217;autorit\u00e0 di controllo<\/strong> (Art. 77 GDPR)<\/p>\n<\/li>\n<\/ol>\n<p><\/p>\n<p class=\"\" data-start=\"9267\" data-end=\"9299\">L\u2019autorit\u00e0 competente per noi \u00e8:<\/p>\n<p><\/p>\n<p class=\"\" data-start=\"9301\" data-end=\"9479\"><strong data-start=\"9301\" data-end=\"9383\">Commissario per la protezione dei dati e la libert\u00e0 di informazione di Berlino<\/strong><br data-start=\"9383\" data-end=\"9386\" \/>Alt-Moabit 59-61, 10555 Berlino<br data-start=\"9417\" data-end=\"9420\" \/>Telefono: 030 138890<br data-start=\"9440\" data-end=\"9443\" \/>Email: <a class=\"cursor-pointer\" rel=\"noopener\" data-start=\"9450\" data-end=\"9479\">mailbox@datenschutz-berlin.de<\/a><\/p>\n\t\t\t\t\t\t\t\t<\/div>\n\t\t\t\t<\/div>\n\t\t\t\t<\/div>\n\t\t","protected":false},"excerpt":{"rendered":"<p>Politica sulla privacy I. Titolare del trattamento Il titolare del trattamento ai sensi del Regolamento Generale sulla Protezione dei Dati (GDPR) e di altre normative nazionali sulla protezione dei dati degli Stati membri nonch\u00e9 di altre disposizioni in materia di protezione dei dati \u00e8: Avvocato italiano \u2013 Avvocato Giorgio Masinac\/o Liebert &amp; R\u00f6th Rechtsanw\u00e4lte PartmbB [&hellip;]<\/p>\n","protected":false},"author":1,"featured_media":0,"parent":0,"menu_order":0,"comment_status":"closed","ping_status":"closed","template":"","meta":{"footnotes":""},"class_list":["post-1564","page","type-page","status-publish","hentry"],"_links":{"self":[{"href":"https:\/\/tuscanlawfirm.com\/it\/wp-json\/wp\/v2\/pages\/1564","targetHints":{"allow":["GET"]}}],"collection":[{"href":"https:\/\/tuscanlawfirm.com\/it\/wp-json\/wp\/v2\/pages"}],"about":[{"href":"https:\/\/tuscanlawfirm.com\/it\/wp-json\/wp\/v2\/types\/page"}],"author":[{"embeddable":true,"href":"https:\/\/tuscanlawfirm.com\/it\/wp-json\/wp\/v2\/users\/1"}],"replies":[{"embeddable":true,"href":"https:\/\/tuscanlawfirm.com\/it\/wp-json\/wp\/v2\/comments?post=1564"}],"version-history":[{"count":0,"href":"https:\/\/tuscanlawfirm.com\/it\/wp-json\/wp\/v2\/pages\/1564\/revisions"}],"wp:attachment":[{"href":"https:\/\/tuscanlawfirm.com\/it\/wp-json\/wp\/v2\/media?parent=1564"}],"curies":[{"name":"wp","href":"https:\/\/api.w.org\/{rel}","templated":true}]}}