{"id":1713,"date":"2025-05-12T13:30:10","date_gmt":"2025-05-12T11:30:10","guid":{"rendered":"https:\/\/masina.webtiger-pro.eu\/impronta\/"},"modified":"2025-10-17T15:56:12","modified_gmt":"2025-10-17T13:56:12","slug":"impronta","status":"publish","type":"page","link":"https:\/\/tuscanlawfirm.com\/it\/impronta\/","title":{"rendered":"Impronta"},"content":{"rendered":"<h1>Informazioni ai sensi del \u00a7 5 DDG<\/h1>\n<p><strong>Avvocato Giorgio Masina &#8211; Avvocato italiano a Berlino<\/strong><\/p>\n<p>c\/o Liebert &amp; R\u00f6th Rechtsanw\u00e4lte PartmbB | Eisenacher Stra\u00dfe 2 | 10777 Berlin | Germany<\/p>\n<p><strong>Contatto Giorgio Masina<\/strong><\/p>\n<p>Telefono (030) 20615760<\/p>\n<p>E-mail: info@italienischer-anwalt.de<\/p>\n<h3>Licenza, autorit\u00e0 competenti, assicurazione di responsabilit\u00e0 civile<\/h3>\n<p>Autorit\u00e0 di vigilanza competente\/ordine degli avvocati:<br \/>\nRechtsanwaltskammer Berlin, Littenstra\u00dfe 9, 10179 Berlin<\/p>\n<p><strong>Assicurazione di responsabilit\u00e0 civile professionale:<\/strong><\/p>\n<p>R+V Allgemeine Versicherung AG<\/p>\n<p>Voltastrasse 84<\/p>\n<p>60486 Francoforte<\/p>\n<p><strong>Area di validit\u00e0 dell&#8217;assicurazione:<\/strong> Repubblica Federale Tedesca e tutti gli Stati membri dell&#8217;Unione Europea.<\/p>\n<h3>Norme professionali<\/h3>\n<p>A tutti gli avvocati si applicano le seguenti norme professionali e tariffarie:<\/p>\n<p>Legge federale sugli avvocati (BRAO)<\/p>\n<p>Codice di condotta professionale (BORA)<\/p>\n<p>Regolamento degli avvocati specialisti (FAO)<\/p>\n<p>Legge sugli onorari degli avvocati (RVG)<\/p>\n<p>Codice di condotta per gli avvocati dell&#8217;Unione europea (CCBE).<\/p>\n<p>I regolamenti professionali sono consultabili e accessibili in tedesco e in inglese sulla homepage dell&#8217;Ordine federale degli avvocati tedesco, alla voce \u201cBerufsrecht\u201d (www.brak.de).<\/p>\n<h3>Numero di identificazione dell&#8217;imposta sul valore aggiunto (\u00a7 27a UStG)<\/h3>\n<p>DE316150128<\/p>\n<h3>Natura non vincolante delle informazioni<\/h3>\n<p>Il fornitore non si assume alcuna responsabilit\u00e0 per l&#8217;accuratezza, la completezza e la tempestivit\u00e0 delle informazioni fornite sul sito web. Le informazioni verbali o scritte al di fuori dei rapporti con i clienti non sono vincolanti.<\/p>\n<h3>Comunicazione via e-mail<\/h3>\n<p>La comunicazione via e-mail pu\u00f2 essere soggetta a vulnerabilit\u00e0 di sicurezza. Se si invia un&#8217;e-mail a uno degli avvocati o dello studio legale, il rispettivo avvocato o studio legale pu\u00f2 presumere che si accetti una risposta via e-mail e che si sia autorizzati a farlo. In caso contrario, il cliente o il committente deve fare espressamente riferimento a un&#8217;altra forma di comunicazione.<\/p>\n<h3>Disclaimer<\/h3>\n<p>Siamo responsabili dei contenuti del nostro sito web in conformit\u00e0 alla legislazione generale, in particolare all&#8217;articolo 7 (1) del DDG. Tutti i contenuti sono stati creati con la dovuta cura e al meglio delle nostre conoscenze. Se sulle nostre pagine Internet rimandiamo a siti web di terzi tramite collegamenti ipertestuali, non possiamo assumerci alcuna responsabilit\u00e0 per l&#8217;attualit\u00e0, la correttezza e la completezza dei contenuti collegati, in quanto tali contenuti esulano dalla nostra sfera di responsabilit\u00e0 e non abbiamo alcuna influenza sulla loro futura configurazione. Se ritenete che un contenuto violi le leggi vigenti o sia inappropriato, vi preghiamo di comunicarcelo.<\/p>\n<p>Le informazioni legali contenute in questa pagina, cos\u00ec come tutte le domande e le controversie relative alla progettazione di questo sito web, sono soggette alla legge della Repubblica Federale di Germania.<\/p>\n<h3>Piattaforma per la risoluzione delle controversie<\/h3>\n<p>L&#8217;Avvocato Masina non \u00e8 obbligato n\u00e9 intende partecipare a una procedura di risoluzione delle controversie davanti a un collegio arbitrale dei consumatori.<\/p>\n<h3>Responsabilit\u00e0 dei contenuti<\/h3>\n<p>Responsabile dei contenuti editoriali ai sensi dell&#8217;articolo 18 (2) MStV:<br \/>\nAvvocato Giorgio Masina<\/p>\n<h2>Progettazione e realizzazione tecnica<\/h2>\n<p><a href=\"https:\/\/www.webtiger-pro.de\/\" rel=\"noopener\">WebTiger Pro GmbH<\/a><br \/>\nPrenzlauer Allee 234<br \/>\n10405 Berlin<br \/>\nTel.: 030 814581620<br \/>\nE-Mail: <a href=\"mailto:hallo@webtiger-pro.de\">hallo@webtiger-pro.de<\/a><\/p>\n<div id=\"gtx-trans\" style=\"position: absolute; left: -10px; top: 1988.64px;\">\n<div class=\"gtx-trans-icon\"><\/div>\n<\/div>\n","protected":false},"excerpt":{"rendered":"<p>Informazioni ai sensi del \u00a7 5 DDG Avvocato Giorgio Masina &#8211; Avvocato italiano a Berlino c\/o Liebert &amp; R\u00f6th Rechtsanw\u00e4lte PartmbB | Eisenacher Stra\u00dfe 2 | 10777 Berlin | Germany Contatto Giorgio Masina Telefono (030) 20615760 E-mail: info@italienischer-anwalt.de Licenza, autorit\u00e0 competenti, assicurazione di responsabilit\u00e0 civile Autorit\u00e0 di vigilanza competente\/ordine degli avvocati: Rechtsanwaltskammer Berlin, Littenstra\u00dfe 9, [&hellip;]<\/p>\n","protected":false},"author":1,"featured_media":0,"parent":0,"menu_order":0,"comment_status":"closed","ping_status":"closed","template":"","meta":{"footnotes":""},"class_list":["post-1713","page","type-page","status-publish","hentry"],"_links":{"self":[{"href":"https:\/\/tuscanlawfirm.com\/it\/wp-json\/wp\/v2\/pages\/1713","targetHints":{"allow":["GET"]}}],"collection":[{"href":"https:\/\/tuscanlawfirm.com\/it\/wp-json\/wp\/v2\/pages"}],"about":[{"href":"https:\/\/tuscanlawfirm.com\/it\/wp-json\/wp\/v2\/types\/page"}],"author":[{"embeddable":true,"href":"https:\/\/tuscanlawfirm.com\/it\/wp-json\/wp\/v2\/users\/1"}],"replies":[{"embeddable":true,"href":"https:\/\/tuscanlawfirm.com\/it\/wp-json\/wp\/v2\/comments?post=1713"}],"version-history":[{"count":0,"href":"https:\/\/tuscanlawfirm.com\/it\/wp-json\/wp\/v2\/pages\/1713\/revisions"}],"wp:attachment":[{"href":"https:\/\/tuscanlawfirm.com\/it\/wp-json\/wp\/v2\/media?parent=1713"}],"curies":[{"name":"wp","href":"https:\/\/api.w.org\/{rel}","templated":true}]}}